{"id":4153,"date":"2024-01-06T13:53:53","date_gmt":"2024-01-06T13:53:53","guid":{"rendered":"https:\/\/lesanstationboreale.com\/?post_type=product&#038;p=4153"},"modified":"2026-02-01T16:32:33","modified_gmt":"2026-02-01T16:32:33","slug":"maison-du-fermier","status":"publish","type":"product","link":"https:\/\/lesanstationboreale.com\/en\/produit\/maison-du-fermier\/","title":{"rendered":"Maison du fermier"},"content":{"rendered":"<section class=\"l-section wpb_row height_medium\"><div class=\"l-section-h i-cf\"><div class=\"g-cols vc_row via_grid cols_1 laptops-cols_inherit tablets-cols_inherit mobiles-cols_1 valign_top type_default stacking_default\"><div class=\"wpb_column vc_column_container\"><div class=\"vc_column-inner\"><div class=\"w-post-elm product_gallery\"><\/div><\/div><\/div><\/div><\/div><\/section><section class=\"l-section wpb_row height_medium\"><div class=\"l-section-overlay\" style=\"background:#f5f5f5\"><\/div><div class=\"l-section-h i-cf\"><div class=\"g-cols vc_row via_grid cols_1 laptops-cols_inherit tablets-cols_inherit mobiles-cols_1 valign_top type_default stacking_default\"><div class=\"wpb_column vc_column_container\"><div class=\"vc_column-inner\"><div class=\"wpb_text_column\"><div class=\"wpb_wrapper\"><p>Construite selon le style vernaculaire nord-am\u00e9ricain, la Maison du Fermier s\u2019inspire directement des cottages champ\u00eatres que l\u2019on retrouvait au tournant du XX\u1d49 si\u00e8cle dans la Nouvelle-Angleterre et sur la c\u00f4te Est des \u00c9tats-Unis. Ce style, \u00e0 la fois sobre et accueillant, privil\u00e9gie l\u2019usage de mat\u00e9riaux locaux et une architecture fonctionnelle adapt\u00e9e au climat nordique. Ce choix architectural refl\u00e8te la volont\u00e9 d\u2019int\u00e9grer un lieu de soins en harmonie avec la for\u00eat bor\u00e9ale et les grands espaces naturels.<\/p>\n<\/div><\/div><div class=\"w-separator size_small\"><\/div><div class=\"wpb_text_column\"><div class=\"wpb_wrapper\"><h2>Conditions de r\u00e9servation<\/h2>\n<\/div><\/div><div class=\"w-separator size_small\"><\/div><div class=\"wpb_text_column\"><div class=\"wpb_wrapper\"><h3>Annulation<\/h3>\n<ul>\n<li>Remboursement int\u00e9gral pour les annulations effectu\u00e9es dans les 48 heures suivant la r\u00e9servation, si la date d\u2019arriv\u00e9e intervient dans 14 jours ou plus.<\/li>\n<li>Remboursement \u00e0 hauteur de 50 % pour les annulations effectu\u00e9es au moins 7 jours avant la date d\u2019arriv\u00e9e.<\/li>\n<li>Aucun remboursement pour les annulations effectu\u00e9es dans les 7 jours pr\u00e9c\u00e9dant la date d\u2019arriv\u00e9e.<\/li>\n<\/ul>\n<\/div><\/div><div class=\"w-separator size_small\"><\/div><div class=\"wpb_text_column\"><div class=\"wpb_wrapper\"><h3>R\u00e9glement<\/h3>\n<ul>\n<li>Les chiens ne sont pas permis sur le site et dans la maison patrimoniale<\/li>\n<\/ul>\n<\/div><\/div><\/div><\/div><\/div><\/div><\/section>\n","protected":false},"excerpt":{"rendered":"<p>Maison ancestrale en for\u00eat bor\u00e9ale<\/p>\n","protected":false},"featured_media":4171,"comment_status":"open","ping_status":"closed","template":"","meta":{"_acf_changed":false},"product_brand":[],"product_cat":[22],"product_tag":[],"class_list":{"0":"post-4153","1":"product","2":"type-product","3":"status-publish","4":"has-post-thumbnail","6":"product_cat-maison-patrimoniale","8":"first","9":"instock","10":"sold-individually","11":"taxable","12":"shipping-taxable","13":"purchasable","14":"product-type-simple"},"acf":{"people-max":"10","maison_description":"","order-maison":1},"yoast_head":"<!-- This site is optimized with the Yoast SEO plugin v27.1.1 - https:\/\/yoast.com\/product\/yoast-seo-wordpress\/ -->\n<title>Maison du fermier \u2013 S\u00e9jour rural au SAN Station Bor\u00e9ale<\/title>\n<meta name=\"description\" content=\"S\u00e9journez dans une maison centenaire aux abords des champs. Un h\u00e9bergement chaleureux et rustique, entre nature, histoire et culture agricole.\" \/>\n<meta name=\"robots\" content=\"index, follow, max-snippet:-1, max-image-preview:large, max-video-preview:-1\" \/>\n<link rel=\"canonical\" href=\"https:\/\/lesanstationboreale.com\/en\/produit\/maison-du-fermier\/\" \/>\n<meta property=\"og:locale\" content=\"en_US\" \/>\n<meta property=\"og:type\" content=\"article\" \/>\n<meta property=\"og:title\" content=\"Maison du fermier \u2013 S\u00e9jour rural au SAN Station Bor\u00e9ale\" \/>\n<meta property=\"og:description\" content=\"S\u00e9journez dans une maison centenaire aux abords des champs. Un h\u00e9bergement chaleureux et rustique, entre nature, histoire et culture agricole.\" \/>\n<meta property=\"og:url\" content=\"https:\/\/lesanstationboreale.com\/en\/produit\/maison-du-fermier\/\" \/>\n<meta property=\"og:site_name\" content=\"Le san station boreale\" \/>\n<meta property=\"article:publisher\" content=\"https:\/\/www.facebook.com\/sanatoriumhistoriquelacedouard\" \/>\n<meta property=\"article:modified_time\" content=\"2026-02-01T16:32:33+00:00\" \/>\n<meta property=\"og:image\" content=\"https:\/\/lesanstationboreale.com\/wp-content\/uploads\/2024\/01\/b-min-scaled.jpg\" \/>\n\t<meta property=\"og:image:width\" content=\"2560\" \/>\n\t<meta property=\"og:image:height\" content=\"1440\" \/>\n\t<meta property=\"og:image:type\" content=\"image\/jpeg\" \/>\n<meta name=\"twitter:card\" content=\"summary_large_image\" \/>\n<meta name=\"twitter:label1\" content=\"Est. reading time\" \/>\n\t<meta name=\"twitter:data1\" content=\"2 minutes\" \/>\n<script type=\"application\/ld+json\" class=\"yoast-schema-graph\">{\"@context\":\"https:\/\/schema.org\",\"@graph\":[{\"@type\":\"WebPage\",\"@id\":\"https:\/\/lesanstationboreale.com\/en\/produit\/maison-du-fermier\/\",\"url\":\"https:\/\/lesanstationboreale.com\/en\/produit\/maison-du-fermier\/\",\"name\":\"Maison du fermier \u2013 S\u00e9jour rural au SAN Station Bor\u00e9ale\",\"isPartOf\":{\"@id\":\"https:\/\/lesanstationboreale.com\/en\/#website\"},\"primaryImageOfPage\":{\"@id\":\"https:\/\/lesanstationboreale.com\/en\/produit\/maison-du-fermier\/#primaryimage\"},\"image\":{\"@id\":\"https:\/\/lesanstationboreale.com\/en\/produit\/maison-du-fermier\/#primaryimage\"},\"thumbnailUrl\":\"https:\/\/lesanstationboreale.com\/wp-content\/uploads\/2024\/01\/b-min-scaled.jpg\",\"datePublished\":\"2024-01-06T13:53:53+00:00\",\"dateModified\":\"2026-02-01T16:32:33+00:00\",\"description\":\"S\u00e9journez dans une maison centenaire aux abords des champs. Un h\u00e9bergement chaleureux et rustique, entre nature, histoire et culture agricole.\",\"breadcrumb\":{\"@id\":\"https:\/\/lesanstationboreale.com\/en\/produit\/maison-du-fermier\/#breadcrumb\"},\"inLanguage\":\"en-US\",\"potentialAction\":[{\"@type\":\"ReadAction\",\"target\":[\"https:\/\/lesanstationboreale.com\/en\/produit\/maison-du-fermier\/\"]}]},{\"@type\":\"ImageObject\",\"inLanguage\":\"en-US\",\"@id\":\"https:\/\/lesanstationboreale.com\/en\/produit\/maison-du-fermier\/#primaryimage\",\"url\":\"https:\/\/lesanstationboreale.com\/wp-content\/uploads\/2024\/01\/b-min-scaled.jpg\",\"contentUrl\":\"https:\/\/lesanstationboreale.com\/wp-content\/uploads\/2024\/01\/b-min-scaled.jpg\",\"width\":2560,\"height\":1440},{\"@type\":\"BreadcrumbList\",\"@id\":\"https:\/\/lesanstationboreale.com\/en\/produit\/maison-du-fermier\/#breadcrumb\",\"itemListElement\":[{\"@type\":\"ListItem\",\"position\":1,\"name\":\"Accueil\",\"item\":\"https:\/\/lesanstationboreale.com\/en\/le-san-station-boreale\/\"},{\"@type\":\"ListItem\",\"position\":2,\"name\":\"Shop\",\"item\":\"https:\/\/lesanstationboreale.com\/en\/shop\/\"},{\"@type\":\"ListItem\",\"position\":3,\"name\":\"Maison du fermier\"}]},{\"@type\":\"WebSite\",\"@id\":\"https:\/\/lesanstationboreale.com\/en\/#website\",\"url\":\"https:\/\/lesanstationboreale.com\/en\/\",\"name\":\"Le san station boreale\",\"description\":\"Le san station boreale\",\"publisher\":{\"@id\":\"https:\/\/lesanstationboreale.com\/en\/#organization\"},\"alternateName\":\"Le San\",\"potentialAction\":[{\"@type\":\"SearchAction\",\"target\":{\"@type\":\"EntryPoint\",\"urlTemplate\":\"https:\/\/lesanstationboreale.com\/en\/?s={search_term_string}\"},\"query-input\":{\"@type\":\"PropertyValueSpecification\",\"valueRequired\":true,\"valueName\":\"search_term_string\"}}],\"inLanguage\":\"en-US\"},{\"@type\":\"Organization\",\"@id\":\"https:\/\/lesanstationboreale.com\/en\/#organization\",\"name\":\"Le san station boreale\",\"alternateName\":\"Le San\",\"url\":\"https:\/\/lesanstationboreale.com\/en\/\",\"logo\":{\"@type\":\"ImageObject\",\"inLanguage\":\"en-US\",\"@id\":\"https:\/\/lesanstationboreale.com\/en\/#\/schema\/logo\/image\/\",\"url\":\"https:\/\/lesanstationboreale.com\/wp-content\/uploads\/2025\/04\/logo-basse-definition.jpg\",\"contentUrl\":\"https:\/\/lesanstationboreale.com\/wp-content\/uploads\/2025\/04\/logo-basse-definition.jpg\",\"width\":787,\"height\":542,\"caption\":\"Le san station boreale\"},\"image\":{\"@id\":\"https:\/\/lesanstationboreale.com\/en\/#\/schema\/logo\/image\/\"},\"sameAs\":[\"https:\/\/www.facebook.com\/sanatoriumhistoriquelacedouard\",\"https:\/\/www.instagram.com\/canettesdepinette\/\"]}]}<\/script>\n<!-- \/ Yoast SEO plugin. -->","yoast_head_json":{"title":"Maison du fermier \u2013 S\u00e9jour rural au SAN Station Bor\u00e9ale","description":"S\u00e9journez dans une maison centenaire aux abords des champs. Un h\u00e9bergement chaleureux et rustique, entre nature, histoire et culture agricole.","robots":{"index":"index","follow":"follow","max-snippet":"max-snippet:-1","max-image-preview":"max-image-preview:large","max-video-preview":"max-video-preview:-1"},"canonical":"https:\/\/lesanstationboreale.com\/en\/produit\/maison-du-fermier\/","og_locale":"en_US","og_type":"article","og_title":"Maison du fermier \u2013 S\u00e9jour rural au SAN Station Bor\u00e9ale","og_description":"S\u00e9journez dans une maison centenaire aux abords des champs. Un h\u00e9bergement chaleureux et rustique, entre nature, histoire et culture agricole.","og_url":"https:\/\/lesanstationboreale.com\/en\/produit\/maison-du-fermier\/","og_site_name":"Le san station boreale","article_publisher":"https:\/\/www.facebook.com\/sanatoriumhistoriquelacedouard","article_modified_time":"2026-02-01T16:32:33+00:00","og_image":[{"width":2560,"height":1440,"url":"https:\/\/lesanstationboreale.com\/wp-content\/uploads\/2024\/01\/b-min-scaled.jpg","type":"image\/jpeg"}],"twitter_card":"summary_large_image","twitter_misc":{"Est. reading time":"2 minutes"},"schema":{"@context":"https:\/\/schema.org","@graph":[{"@type":"WebPage","@id":"https:\/\/lesanstationboreale.com\/en\/produit\/maison-du-fermier\/","url":"https:\/\/lesanstationboreale.com\/en\/produit\/maison-du-fermier\/","name":"Maison du fermier \u2013 S\u00e9jour rural au SAN Station Bor\u00e9ale","isPartOf":{"@id":"https:\/\/lesanstationboreale.com\/en\/#website"},"primaryImageOfPage":{"@id":"https:\/\/lesanstationboreale.com\/en\/produit\/maison-du-fermier\/#primaryimage"},"image":{"@id":"https:\/\/lesanstationboreale.com\/en\/produit\/maison-du-fermier\/#primaryimage"},"thumbnailUrl":"https:\/\/lesanstationboreale.com\/wp-content\/uploads\/2024\/01\/b-min-scaled.jpg","datePublished":"2024-01-06T13:53:53+00:00","dateModified":"2026-02-01T16:32:33+00:00","description":"S\u00e9journez dans une maison centenaire aux abords des champs. Un h\u00e9bergement chaleureux et rustique, entre nature, histoire et culture agricole.","breadcrumb":{"@id":"https:\/\/lesanstationboreale.com\/en\/produit\/maison-du-fermier\/#breadcrumb"},"inLanguage":"en-US","potentialAction":[{"@type":"ReadAction","target":["https:\/\/lesanstationboreale.com\/en\/produit\/maison-du-fermier\/"]}]},{"@type":"ImageObject","inLanguage":"en-US","@id":"https:\/\/lesanstationboreale.com\/en\/produit\/maison-du-fermier\/#primaryimage","url":"https:\/\/lesanstationboreale.com\/wp-content\/uploads\/2024\/01\/b-min-scaled.jpg","contentUrl":"https:\/\/lesanstationboreale.com\/wp-content\/uploads\/2024\/01\/b-min-scaled.jpg","width":2560,"height":1440},{"@type":"BreadcrumbList","@id":"https:\/\/lesanstationboreale.com\/en\/produit\/maison-du-fermier\/#breadcrumb","itemListElement":[{"@type":"ListItem","position":1,"name":"Accueil","item":"https:\/\/lesanstationboreale.com\/en\/le-san-station-boreale\/"},{"@type":"ListItem","position":2,"name":"Shop","item":"https:\/\/lesanstationboreale.com\/en\/shop\/"},{"@type":"ListItem","position":3,"name":"Maison du fermier"}]},{"@type":"WebSite","@id":"https:\/\/lesanstationboreale.com\/en\/#website","url":"https:\/\/lesanstationboreale.com\/en\/","name":"Le san station boreale","description":"Le san station boreale","publisher":{"@id":"https:\/\/lesanstationboreale.com\/en\/#organization"},"alternateName":"Le San","potentialAction":[{"@type":"SearchAction","target":{"@type":"EntryPoint","urlTemplate":"https:\/\/lesanstationboreale.com\/en\/?s={search_term_string}"},"query-input":{"@type":"PropertyValueSpecification","valueRequired":true,"valueName":"search_term_string"}}],"inLanguage":"en-US"},{"@type":"Organization","@id":"https:\/\/lesanstationboreale.com\/en\/#organization","name":"Le san station boreale","alternateName":"Le San","url":"https:\/\/lesanstationboreale.com\/en\/","logo":{"@type":"ImageObject","inLanguage":"en-US","@id":"https:\/\/lesanstationboreale.com\/en\/#\/schema\/logo\/image\/","url":"https:\/\/lesanstationboreale.com\/wp-content\/uploads\/2025\/04\/logo-basse-definition.jpg","contentUrl":"https:\/\/lesanstationboreale.com\/wp-content\/uploads\/2025\/04\/logo-basse-definition.jpg","width":787,"height":542,"caption":"Le san station boreale"},"image":{"@id":"https:\/\/lesanstationboreale.com\/en\/#\/schema\/logo\/image\/"},"sameAs":["https:\/\/www.facebook.com\/sanatoriumhistoriquelacedouard","https:\/\/www.instagram.com\/canettesdepinette\/"]}]}},"_links":{"self":[{"href":"https:\/\/lesanstationboreale.com\/en\/wp-json\/wp\/v2\/product\/4153","targetHints":{"allow":["GET"]}}],"collection":[{"href":"https:\/\/lesanstationboreale.com\/en\/wp-json\/wp\/v2\/product"}],"about":[{"href":"https:\/\/lesanstationboreale.com\/en\/wp-json\/wp\/v2\/types\/product"}],"replies":[{"embeddable":true,"href":"https:\/\/lesanstationboreale.com\/en\/wp-json\/wp\/v2\/comments?post=4153"}],"wp:featuredmedia":[{"embeddable":true,"href":"https:\/\/lesanstationboreale.com\/en\/wp-json\/wp\/v2\/media\/4171"}],"wp:attachment":[{"href":"https:\/\/lesanstationboreale.com\/en\/wp-json\/wp\/v2\/media?parent=4153"}],"wp:term":[{"taxonomy":"product_brand","embeddable":true,"href":"https:\/\/lesanstationboreale.com\/en\/wp-json\/wp\/v2\/product_brand?post=4153"},{"taxonomy":"product_cat","embeddable":true,"href":"https:\/\/lesanstationboreale.com\/en\/wp-json\/wp\/v2\/product_cat?post=4153"},{"taxonomy":"product_tag","embeddable":true,"href":"https:\/\/lesanstationboreale.com\/en\/wp-json\/wp\/v2\/product_tag?post=4153"}],"curies":[{"name":"wp","href":"https:\/\/api.w.org\/{rel}","templated":true}]}}