{"id":496,"date":"2020-07-30T15:45:31","date_gmt":"2020-07-30T15:45:31","guid":{"rendered":"http:\/\/impreza21.us-themes.com\/?post_type=product&#038;p=496"},"modified":"2026-02-01T16:37:36","modified_gmt":"2026-02-01T16:37:36","slug":"gamma-de-la-lyre-no-4","status":"publish","type":"product","link":"https:\/\/lesanstationboreale.com\/en\/produit\/gamma-de-la-lyre-no-4\/","title":{"rendered":"GAMMA de la Lyre (No.4)"},"content":{"rendered":"<section class=\"l-section wpb_row height_medium\"><div class=\"l-section-h i-cf\"><div class=\"g-cols vc_row via_grid cols_1 laptops-cols_inherit tablets-cols_inherit mobiles-cols_1 valign_top type_default stacking_default\"><div class=\"wpb_column vc_column_container\"><div class=\"vc_column-inner\"><div class=\"w-post-elm product_gallery\"><\/div><\/div><\/div><\/div><\/div><\/section><section class=\"l-section wpb_row height_medium\"><div class=\"l-section-overlay\" style=\"background:#f5f5f5\"><\/div><div class=\"l-section-h i-cf\"><div class=\"g-cols vc_row via_grid cols_1 laptops-cols_inherit tablets-cols_inherit mobiles-cols_1 valign_top type_default stacking_default\"><div class=\"wpb_column vc_column_container\"><div class=\"vc_column-inner\"><div class=\"wpb_text_column\"><div class=\"wpb_wrapper\"><h2>Conditions de r\u00e9servation<\/h2>\n<\/div><\/div><div class=\"w-separator size_small\"><\/div><div class=\"wpb_text_column\"><div class=\"wpb_wrapper\"><h3>Annulation<\/h3>\n<ul>\n<li>Remboursement int\u00e9gral pour les annulations effectu\u00e9es dans les 48 heures suivant la r\u00e9servation, si la date d\u2019arriv\u00e9e intervient dans 14 jours ou plus.<\/li>\n<li>Remboursement \u00e0 hauteur de 50 % pour les annulations effectu\u00e9es au moins 7 jours avant la date d\u2019arriv\u00e9e.<\/li>\n<li>Aucun remboursement pour les annulations effectu\u00e9es dans les 7 jours pr\u00e9c\u00e9dant la date d\u2019arriv\u00e9e.<\/li>\n<\/ul>\n<\/div><\/div><div class=\"w-separator size_small\"><\/div><div class=\"wpb_text_column\"><div class=\"wpb_wrapper\"><h3>R\u00e9glement<\/h3>\n<ul>\n<li>Les chiens ne sont pas permis sur le camping<\/li>\n<li>Une seule famille par site de camping (deux adultes maximum par terrain accompagn\u00e9s de leurs enfants de 16 ans et moins)<\/li>\n<li>Une seule tente par site de camping (aucune exception, si vous pr\u00e9voyez installer deux tentes vous devez louer deux terrains s\u00e9par\u00e9s)<\/li>\n<li>Les f\u00eates nocturnes ne sont pas autoris\u00e9es sur les sites de camping (un couvre-feu strict pour le bruit s\u2019applique \u00e0 partir de 23h)<\/li>\n<\/ul>\n<\/div><\/div><\/div><\/div><\/div><\/div><\/section><section class=\"l-section wpb_row height_medium\"><div class=\"l-section-overlay\" style=\"background:#ffffff\"><\/div><div class=\"l-section-h i-cf\"><div class=\"g-cols vc_row via_grid cols_1 laptops-cols_inherit tablets-cols_inherit mobiles-cols_1 valign_top type_default stacking_default\"><div class=\"wpb_column vc_column_container\"><div class=\"vc_column-inner\"><div class=\"wpb_text_column\"><div class=\"wpb_wrapper\"><h2>GAMMA \u2014 Constellation de la Lyre<\/h2>\n<\/div><\/div><div class=\"w-separator size_small\"><\/div><div class=\"w-image align_center\"><div class=\"w-image-h\"><img decoding=\"async\" width=\"683\" height=\"1024\" src=\"https:\/\/lesanstationboreale.com\/wp-content\/uploads\/2020\/07\/Gamma-683x1024-1.jpg\" class=\"attachment-us_500_500 size-us_500_500\" alt=\"\" srcset=\"https:\/\/lesanstationboreale.com\/wp-content\/uploads\/2020\/07\/Gamma-683x1024-1.jpg 683w, https:\/\/lesanstationboreale.com\/wp-content\/uploads\/2020\/07\/Gamma-683x1024-1-200x300.jpg 200w, https:\/\/lesanstationboreale.com\/wp-content\/uploads\/2020\/07\/Gamma-683x1024-1-600x900.jpg 600w\" sizes=\"(max-width: 683px) 100vw, 683px\" \/><\/div><\/div><div class=\"w-separator size_large\"><\/div><div class=\"g-cols wpb_row via_grid cols_1-5 laptops-cols_inherit tablets-cols_inherit mobiles-cols_1 valign_top type_default stacking_default\"><div class=\"wpb_column vc_column_container\"><div class=\"vc_column-inner\"><div class=\"w-iconbox iconpos_top style_default color_custom align_center no_title no_text\"><div class=\"w-iconbox-icon\" style=\"font-size:2rem;--icon-color:#f8d0b0;\"><i class=\"fal fa-telescope\"><\/i><\/div><div class=\"w-iconbox-meta\"><\/div><\/div><\/div><\/div><div class=\"wpb_column vc_column_container\"><div class=\"vc_column-inner\"><div class=\"wpb_text_column\"><div class=\"wpb_wrapper\"><p>Gamma Lyrae\u00a0(\u03b3 Lyr \/ \u03b3 Lyrae) est une\u00a0\u00e9toile\u00a0de la\u00a0constellation\u00a0de la\u00a0Lyre situ\u00e9e \u00e0 environ 635\u00a0ann\u00e9es-lumi\u00e8re\u00a0de la\u00a0Terre. Elle est de\u00a0type spectral\u00a0B9 et sa\u00a0magnitude apparente\u00a0est de 3,3.<\/p>\n<\/div><\/div><\/div><\/div><\/div><div class=\"w-separator size_medium\"><\/div><div class=\"g-cols wpb_row via_grid cols_1-5 laptops-cols_inherit tablets-cols_inherit mobiles-cols_1 valign_top type_default stacking_default\"><div class=\"wpb_column vc_column_container\"><div class=\"vc_column-inner\"><div class=\"w-iconbox iconpos_top style_default color_custom align_center no_title no_text\"><div class=\"w-iconbox-icon\" style=\"font-size:2rem;--icon-color:#f8d0b0;\"><i class=\"fal fa-landmark-alt\"><\/i><\/div><div class=\"w-iconbox-meta\"><\/div><\/div><\/div><\/div><div class=\"wpb_column vc_column_container\"><div class=\"vc_column-inner\"><div class=\"wpb_text_column\"><div class=\"wpb_wrapper\"><p>Elle porte \u00e9galement les noms traditionnels\u00a0Sulafat, parfois orthographi\u00e9 Sulaphat (arabe\u00a0\u0627\u0644\u0633\u0644\u062d\u0641\u0627\u0629\u00a0\u00ab\u00a0tortue\u00a0\u00bb), et Jugum (latin\u00a0<em>iugum<\/em>, \u00ab\u00a0joug\u00a0\u00bb).<\/p>\n<\/div><\/div><\/div><\/div><\/div><div class=\"w-separator size_medium with_line width_default thick_1 style_solid color_border align_center\"><div class=\"w-separator-h\"><\/div><\/div><div class=\"wpb_text_column\"><div class=\"wpb_wrapper\"><h2>Constellation de la Lyre<\/h2>\n<\/div><\/div><div class=\"w-separator size_large\"><\/div><div class=\"g-cols wpb_row via_grid cols_1-5 laptops-cols_inherit tablets-cols_inherit mobiles-cols_1 valign_top type_default stacking_default\"><div class=\"wpb_column vc_column_container\"><div class=\"vc_column-inner\"><div class=\"w-iconbox iconpos_top style_default color_custom align_center no_title no_text\"><div class=\"w-iconbox-icon\" style=\"font-size:2rem;--icon-color:#f8d0b0;\"><i class=\"fas fa-telescope\"><\/i><\/div><div class=\"w-iconbox-meta\"><\/div><\/div><\/div><\/div><div class=\"wpb_column vc_column_container\"><div class=\"vc_column-inner\"><div class=\"wpb_text_column\"><div class=\"wpb_wrapper\"><p>La Lyre est une toute petite constellation. Elle a une forme tarabiscot\u00e9e, compos\u00e9e d\u2019un parall\u00e9l\u00e9pip\u00e8de accroch\u00e9 \u00e0 un triangle. La constellation se reconna\u00eet \u00e0 sa forme\u00a0:\u00a0V\u00e9ga\u00a0est une \u00e9toile tr\u00e8s brillante associ\u00e9e avec deux \u00e9toiles plus faibles (mag 3) \u03b2 et \u03b3 Lyr, l&#8217;ensemble \u00e9voquant un club de golf.<\/p>\n<\/div><\/div><\/div><\/div><\/div><div class=\"w-separator size_medium\"><\/div><div class=\"g-cols wpb_row via_grid cols_1-5 laptops-cols_inherit tablets-cols_inherit mobiles-cols_1 valign_top type_default stacking_default\"><div class=\"wpb_column vc_column_container\"><div class=\"vc_column-inner\"><div class=\"w-iconbox iconpos_top style_default color_custom align_center no_title no_text\"><div class=\"w-iconbox-icon\" style=\"font-size:2rem;--icon-color:#f8d0b0;\"><i class=\"fas fa-landmark-alt\"><\/i><\/div><div class=\"w-iconbox-meta\"><\/div><\/div><\/div><\/div><div class=\"wpb_column vc_column_container\"><div class=\"vc_column-inner\"><div class=\"wpb_text_column\"><div class=\"wpb_wrapper\"><p>La lyre est le premier instrument \u00e0 cordes connu dans l\u2019Antiquit\u00e9. La mythologie explique que ce fut le dieu Mercure qui fabriqua cet instrument de musique avant de le donner \u00e0 un autre dieu, Apollon, lequel en fit cadeau \u00e0 l\u2019un de ses fils, Orph\u00e9e. Celui-ci devint si habile que tous les oiseaux se taisaient et que toutes les b\u00eates f\u00e9roces venaient se coucher \u00e0 ses pieds pour l\u2019\u00e9couter jouer de la lyre. Lorsque sa femme Eurydice mourut, mordue par un serpent, Orph\u00e9e descendit aux enfers pour essayer de la d\u00e9livrer. Gr\u00e2ce \u00e0 sa lyre, Orph\u00e9e r\u00e9ussit \u00e0 charmer Cerb\u00e8re, le chien \u00e0 3 t\u00eates qui gardait la porte de l\u2019enfer, ainsi que son ma\u00eetre, le terrible dieu Pluton.<\/p>\n<\/div><\/div><\/div><\/div><\/div><\/div><\/div><\/div><\/div><\/section>\n","protected":false},"excerpt":{"rendered":"Conditions de r\u00e9servation Annulation Remboursement int\u00e9gral pour les annulations effectu\u00e9es dans les 48 heures suivant la r\u00e9servation, si la date d\u2019arriv\u00e9e intervient dans 14 jours ou plus. Remboursement \u00e0 hauteur de 50 % pour les annulations effectu\u00e9es au moins 7 jours avant la date d\u2019arriv\u00e9e. Aucun remboursement pour les annulations effectu\u00e9es dans les 7 jours...","protected":false},"featured_media":684,"comment_status":"closed","ping_status":"closed","template":"","meta":{"_acf_changed":false},"product_brand":[],"product_cat":[20],"product_tag":[],"class_list":{"0":"post-496","1":"product","2":"type-product","3":"status-publish","4":"has-post-thumbnail","6":"product_cat-tente","8":"first","9":"instock","10":"sold-individually","11":"taxable","12":"shipping-taxable","13":"purchasable","14":"product-type-simple"},"acf":[],"yoast_head":"<!-- This site is optimized with the Yoast SEO plugin v27.1.1 - https:\/\/yoast.com\/product\/yoast-seo-wordpress\/ -->\n<title>Gamma Lyrae \u2013 Sous l\u2019\u00e9toile de la Lyre au SAN<\/title>\n<meta name=\"description\" content=\"Sous Gamma de la Lyre, \u00e9toile po\u00e9tique et discr\u00e8te, ce site de tente offre calme, profondeur et un lien intime avec le ciel d\u2019\u00e9t\u00e9 bor\u00e9al.\" \/>\n<meta name=\"robots\" content=\"index, follow, max-snippet:-1, max-image-preview:large, max-video-preview:-1\" \/>\n<link rel=\"canonical\" href=\"https:\/\/lesanstationboreale.com\/en\/produit\/gamma-de-la-lyre-no-4\/\" \/>\n<meta property=\"og:locale\" content=\"en_US\" \/>\n<meta property=\"og:type\" content=\"article\" \/>\n<meta property=\"og:title\" content=\"Gamma Lyrae \u2013 Sous l\u2019\u00e9toile de la Lyre au SAN\" \/>\n<meta property=\"og:description\" content=\"Sous Gamma de la Lyre, \u00e9toile po\u00e9tique et discr\u00e8te, ce site de tente offre calme, profondeur et un lien intime avec le ciel d\u2019\u00e9t\u00e9 bor\u00e9al.\" \/>\n<meta property=\"og:url\" content=\"https:\/\/lesanstationboreale.com\/en\/produit\/gamma-de-la-lyre-no-4\/\" \/>\n<meta property=\"og:site_name\" content=\"Le san station boreale\" \/>\n<meta property=\"article:publisher\" content=\"https:\/\/www.facebook.com\/sanatoriumhistoriquelacedouard\" \/>\n<meta property=\"article:modified_time\" content=\"2026-02-01T16:37:36+00:00\" \/>\n<meta property=\"og:image\" content=\"https:\/\/lesanstationboreale.com\/wp-content\/uploads\/2020\/07\/gamma-scaled.jpeg\" \/>\n\t<meta property=\"og:image:width\" content=\"2560\" \/>\n\t<meta property=\"og:image:height\" content=\"1920\" \/>\n\t<meta property=\"og:image:type\" content=\"image\/jpeg\" \/>\n<meta name=\"twitter:card\" content=\"summary_large_image\" \/>\n<meta name=\"twitter:label1\" content=\"Est. reading time\" \/>\n\t<meta name=\"twitter:data1\" content=\"3 minutes\" \/>\n<script type=\"application\/ld+json\" class=\"yoast-schema-graph\">{\"@context\":\"https:\/\/schema.org\",\"@graph\":[{\"@type\":\"WebPage\",\"@id\":\"https:\/\/lesanstationboreale.com\/en\/produit\/gamma-de-la-lyre-no-4\/\",\"url\":\"https:\/\/lesanstationboreale.com\/en\/produit\/gamma-de-la-lyre-no-4\/\",\"name\":\"Gamma Lyrae \u2013 Sous l\u2019\u00e9toile de la Lyre au SAN\",\"isPartOf\":{\"@id\":\"https:\/\/lesanstationboreale.com\/en\/#website\"},\"primaryImageOfPage\":{\"@id\":\"https:\/\/lesanstationboreale.com\/en\/produit\/gamma-de-la-lyre-no-4\/#primaryimage\"},\"image\":{\"@id\":\"https:\/\/lesanstationboreale.com\/en\/produit\/gamma-de-la-lyre-no-4\/#primaryimage\"},\"thumbnailUrl\":\"https:\/\/lesanstationboreale.com\/wp-content\/uploads\/2020\/07\/gamma-scaled.jpeg\",\"datePublished\":\"2020-07-30T15:45:31+00:00\",\"dateModified\":\"2026-02-01T16:37:36+00:00\",\"description\":\"Sous Gamma de la Lyre, \u00e9toile po\u00e9tique et discr\u00e8te, ce site de tente offre calme, profondeur et un lien intime avec le ciel d\u2019\u00e9t\u00e9 bor\u00e9al.\",\"breadcrumb\":{\"@id\":\"https:\/\/lesanstationboreale.com\/en\/produit\/gamma-de-la-lyre-no-4\/#breadcrumb\"},\"inLanguage\":\"en-US\",\"potentialAction\":[{\"@type\":\"ReadAction\",\"target\":[\"https:\/\/lesanstationboreale.com\/en\/produit\/gamma-de-la-lyre-no-4\/\"]}]},{\"@type\":\"ImageObject\",\"inLanguage\":\"en-US\",\"@id\":\"https:\/\/lesanstationboreale.com\/en\/produit\/gamma-de-la-lyre-no-4\/#primaryimage\",\"url\":\"https:\/\/lesanstationboreale.com\/wp-content\/uploads\/2020\/07\/gamma-scaled.jpeg\",\"contentUrl\":\"https:\/\/lesanstationboreale.com\/wp-content\/uploads\/2020\/07\/gamma-scaled.jpeg\",\"width\":2560,\"height\":1920},{\"@type\":\"BreadcrumbList\",\"@id\":\"https:\/\/lesanstationboreale.com\/en\/produit\/gamma-de-la-lyre-no-4\/#breadcrumb\",\"itemListElement\":[{\"@type\":\"ListItem\",\"position\":1,\"name\":\"Accueil\",\"item\":\"https:\/\/lesanstationboreale.com\/en\/le-san-station-boreale\/\"},{\"@type\":\"ListItem\",\"position\":2,\"name\":\"Shop\",\"item\":\"https:\/\/lesanstationboreale.com\/en\/shop\/\"},{\"@type\":\"ListItem\",\"position\":3,\"name\":\"GAMMA de la Lyre (No.4)\"}]},{\"@type\":\"WebSite\",\"@id\":\"https:\/\/lesanstationboreale.com\/en\/#website\",\"url\":\"https:\/\/lesanstationboreale.com\/en\/\",\"name\":\"Le san station boreale\",\"description\":\"Le san station boreale\",\"publisher\":{\"@id\":\"https:\/\/lesanstationboreale.com\/en\/#organization\"},\"alternateName\":\"Le San\",\"potentialAction\":[{\"@type\":\"SearchAction\",\"target\":{\"@type\":\"EntryPoint\",\"urlTemplate\":\"https:\/\/lesanstationboreale.com\/en\/?s={search_term_string}\"},\"query-input\":{\"@type\":\"PropertyValueSpecification\",\"valueRequired\":true,\"valueName\":\"search_term_string\"}}],\"inLanguage\":\"en-US\"},{\"@type\":\"Organization\",\"@id\":\"https:\/\/lesanstationboreale.com\/en\/#organization\",\"name\":\"Le san station boreale\",\"alternateName\":\"Le San\",\"url\":\"https:\/\/lesanstationboreale.com\/en\/\",\"logo\":{\"@type\":\"ImageObject\",\"inLanguage\":\"en-US\",\"@id\":\"https:\/\/lesanstationboreale.com\/en\/#\/schema\/logo\/image\/\",\"url\":\"https:\/\/lesanstationboreale.com\/wp-content\/uploads\/2025\/04\/logo-basse-definition.jpg\",\"contentUrl\":\"https:\/\/lesanstationboreale.com\/wp-content\/uploads\/2025\/04\/logo-basse-definition.jpg\",\"width\":787,\"height\":542,\"caption\":\"Le san station boreale\"},\"image\":{\"@id\":\"https:\/\/lesanstationboreale.com\/en\/#\/schema\/logo\/image\/\"},\"sameAs\":[\"https:\/\/www.facebook.com\/sanatoriumhistoriquelacedouard\",\"https:\/\/www.instagram.com\/canettesdepinette\/\"]}]}<\/script>\n<!-- \/ Yoast SEO plugin. -->","yoast_head_json":{"title":"Gamma Lyrae \u2013 Sous l\u2019\u00e9toile de la Lyre au SAN","description":"Sous Gamma de la Lyre, \u00e9toile po\u00e9tique et discr\u00e8te, ce site de tente offre calme, profondeur et un lien intime avec le ciel d\u2019\u00e9t\u00e9 bor\u00e9al.","robots":{"index":"index","follow":"follow","max-snippet":"max-snippet:-1","max-image-preview":"max-image-preview:large","max-video-preview":"max-video-preview:-1"},"canonical":"https:\/\/lesanstationboreale.com\/en\/produit\/gamma-de-la-lyre-no-4\/","og_locale":"en_US","og_type":"article","og_title":"Gamma Lyrae \u2013 Sous l\u2019\u00e9toile de la Lyre au SAN","og_description":"Sous Gamma de la Lyre, \u00e9toile po\u00e9tique et discr\u00e8te, ce site de tente offre calme, profondeur et un lien intime avec le ciel d\u2019\u00e9t\u00e9 bor\u00e9al.","og_url":"https:\/\/lesanstationboreale.com\/en\/produit\/gamma-de-la-lyre-no-4\/","og_site_name":"Le san station boreale","article_publisher":"https:\/\/www.facebook.com\/sanatoriumhistoriquelacedouard","article_modified_time":"2026-02-01T16:37:36+00:00","og_image":[{"width":2560,"height":1920,"url":"https:\/\/lesanstationboreale.com\/wp-content\/uploads\/2020\/07\/gamma-scaled.jpeg","type":"image\/jpeg"}],"twitter_card":"summary_large_image","twitter_misc":{"Est. reading time":"3 minutes"},"schema":{"@context":"https:\/\/schema.org","@graph":[{"@type":"WebPage","@id":"https:\/\/lesanstationboreale.com\/en\/produit\/gamma-de-la-lyre-no-4\/","url":"https:\/\/lesanstationboreale.com\/en\/produit\/gamma-de-la-lyre-no-4\/","name":"Gamma Lyrae \u2013 Sous l\u2019\u00e9toile de la Lyre au SAN","isPartOf":{"@id":"https:\/\/lesanstationboreale.com\/en\/#website"},"primaryImageOfPage":{"@id":"https:\/\/lesanstationboreale.com\/en\/produit\/gamma-de-la-lyre-no-4\/#primaryimage"},"image":{"@id":"https:\/\/lesanstationboreale.com\/en\/produit\/gamma-de-la-lyre-no-4\/#primaryimage"},"thumbnailUrl":"https:\/\/lesanstationboreale.com\/wp-content\/uploads\/2020\/07\/gamma-scaled.jpeg","datePublished":"2020-07-30T15:45:31+00:00","dateModified":"2026-02-01T16:37:36+00:00","description":"Sous Gamma de la Lyre, \u00e9toile po\u00e9tique et discr\u00e8te, ce site de tente offre calme, profondeur et un lien intime avec le ciel d\u2019\u00e9t\u00e9 bor\u00e9al.","breadcrumb":{"@id":"https:\/\/lesanstationboreale.com\/en\/produit\/gamma-de-la-lyre-no-4\/#breadcrumb"},"inLanguage":"en-US","potentialAction":[{"@type":"ReadAction","target":["https:\/\/lesanstationboreale.com\/en\/produit\/gamma-de-la-lyre-no-4\/"]}]},{"@type":"ImageObject","inLanguage":"en-US","@id":"https:\/\/lesanstationboreale.com\/en\/produit\/gamma-de-la-lyre-no-4\/#primaryimage","url":"https:\/\/lesanstationboreale.com\/wp-content\/uploads\/2020\/07\/gamma-scaled.jpeg","contentUrl":"https:\/\/lesanstationboreale.com\/wp-content\/uploads\/2020\/07\/gamma-scaled.jpeg","width":2560,"height":1920},{"@type":"BreadcrumbList","@id":"https:\/\/lesanstationboreale.com\/en\/produit\/gamma-de-la-lyre-no-4\/#breadcrumb","itemListElement":[{"@type":"ListItem","position":1,"name":"Accueil","item":"https:\/\/lesanstationboreale.com\/en\/le-san-station-boreale\/"},{"@type":"ListItem","position":2,"name":"Shop","item":"https:\/\/lesanstationboreale.com\/en\/shop\/"},{"@type":"ListItem","position":3,"name":"GAMMA de la Lyre (No.4)"}]},{"@type":"WebSite","@id":"https:\/\/lesanstationboreale.com\/en\/#website","url":"https:\/\/lesanstationboreale.com\/en\/","name":"Le san station boreale","description":"Le san station boreale","publisher":{"@id":"https:\/\/lesanstationboreale.com\/en\/#organization"},"alternateName":"Le San","potentialAction":[{"@type":"SearchAction","target":{"@type":"EntryPoint","urlTemplate":"https:\/\/lesanstationboreale.com\/en\/?s={search_term_string}"},"query-input":{"@type":"PropertyValueSpecification","valueRequired":true,"valueName":"search_term_string"}}],"inLanguage":"en-US"},{"@type":"Organization","@id":"https:\/\/lesanstationboreale.com\/en\/#organization","name":"Le san station boreale","alternateName":"Le San","url":"https:\/\/lesanstationboreale.com\/en\/","logo":{"@type":"ImageObject","inLanguage":"en-US","@id":"https:\/\/lesanstationboreale.com\/en\/#\/schema\/logo\/image\/","url":"https:\/\/lesanstationboreale.com\/wp-content\/uploads\/2025\/04\/logo-basse-definition.jpg","contentUrl":"https:\/\/lesanstationboreale.com\/wp-content\/uploads\/2025\/04\/logo-basse-definition.jpg","width":787,"height":542,"caption":"Le san station boreale"},"image":{"@id":"https:\/\/lesanstationboreale.com\/en\/#\/schema\/logo\/image\/"},"sameAs":["https:\/\/www.facebook.com\/sanatoriumhistoriquelacedouard","https:\/\/www.instagram.com\/canettesdepinette\/"]}]}},"_links":{"self":[{"href":"https:\/\/lesanstationboreale.com\/en\/wp-json\/wp\/v2\/product\/496","targetHints":{"allow":["GET"]}}],"collection":[{"href":"https:\/\/lesanstationboreale.com\/en\/wp-json\/wp\/v2\/product"}],"about":[{"href":"https:\/\/lesanstationboreale.com\/en\/wp-json\/wp\/v2\/types\/product"}],"replies":[{"embeddable":true,"href":"https:\/\/lesanstationboreale.com\/en\/wp-json\/wp\/v2\/comments?post=496"}],"wp:featuredmedia":[{"embeddable":true,"href":"https:\/\/lesanstationboreale.com\/en\/wp-json\/wp\/v2\/media\/684"}],"wp:attachment":[{"href":"https:\/\/lesanstationboreale.com\/en\/wp-json\/wp\/v2\/media?parent=496"}],"wp:term":[{"taxonomy":"product_brand","embeddable":true,"href":"https:\/\/lesanstationboreale.com\/en\/wp-json\/wp\/v2\/product_brand?post=496"},{"taxonomy":"product_cat","embeddable":true,"href":"https:\/\/lesanstationboreale.com\/en\/wp-json\/wp\/v2\/product_cat?post=496"},{"taxonomy":"product_tag","embeddable":true,"href":"https:\/\/lesanstationboreale.com\/en\/wp-json\/wp\/v2\/product_tag?post=496"}],"curies":[{"name":"wp","href":"https:\/\/api.w.org\/{rel}","templated":true}]}}