{"id":499,"date":"2020-07-30T15:52:05","date_gmt":"2020-07-30T15:52:05","guid":{"rendered":"http:\/\/impreza21.us-themes.com\/?post_type=product&#038;p=499"},"modified":"2026-02-01T16:36:12","modified_gmt":"2026-02-01T16:36:12","slug":"altair-de-laigle-no-3","status":"publish","type":"product","link":"https:\/\/lesanstationboreale.com\/en\/produit\/altair-de-laigle-no-3\/","title":{"rendered":"ALTA\u00cfR de l\u2019Aigle (No.3)"},"content":{"rendered":"<section class=\"l-section wpb_row height_medium\"><div class=\"l-section-h i-cf\"><div class=\"g-cols vc_row via_grid cols_1 laptops-cols_inherit tablets-cols_inherit mobiles-cols_1 valign_top type_default stacking_default\"><div class=\"wpb_column vc_column_container\"><div class=\"vc_column-inner\"><div class=\"w-post-elm product_gallery\"><\/div><\/div><\/div><\/div><\/div><\/section><section class=\"l-section wpb_row height_medium\"><div class=\"l-section-overlay\" style=\"background:#f5f5f5\"><\/div><div class=\"l-section-h i-cf\"><div class=\"g-cols vc_row via_grid cols_1 laptops-cols_inherit tablets-cols_inherit mobiles-cols_1 valign_top type_default stacking_default\"><div class=\"wpb_column vc_column_container\"><div class=\"vc_column-inner\"><div class=\"wpb_text_column\"><div class=\"wpb_wrapper\"><h2>Conditions de r\u00e9servation<\/h2>\n<\/div><\/div><div class=\"w-separator size_small\"><\/div><div class=\"wpb_text_column\"><div class=\"wpb_wrapper\"><h3>Annulation<\/h3>\n<ul>\n<li>Remboursement int\u00e9gral pour les annulations effectu\u00e9es dans les 48 heures suivant la r\u00e9servation, si la date d\u2019arriv\u00e9e intervient dans 14 jours ou plus.<\/li>\n<li>Remboursement \u00e0 hauteur de 50 % pour les annulations effectu\u00e9es au moins 7 jours avant la date d\u2019arriv\u00e9e.<\/li>\n<li>Aucun remboursement pour les annulations effectu\u00e9es dans les 7 jours pr\u00e9c\u00e9dant la date d\u2019arriv\u00e9e.<\/li>\n<\/ul>\n<\/div><\/div><div class=\"w-separator size_small\"><\/div><div class=\"wpb_text_column\"><div class=\"wpb_wrapper\"><h3>R\u00e9glement<\/h3>\n<ul>\n<li>Les chiens ne sont pas permis sur le camping<\/li>\n<li>Une seule famille par site de camping (deux adultes maximum par terrain accompagn\u00e9s de leurs enfants de 16 ans et moins)<\/li>\n<li>Une seule tente par site de camping (aucune exception, si vous pr\u00e9voyez installer deux tentes vous devez louer deux terrains s\u00e9par\u00e9s)<\/li>\n<li>Les f\u00eates nocturnes ne sont pas autoris\u00e9es sur les sites de camping (un couvre-feu strict pour le bruit s\u2019applique \u00e0 partir de 23h)<\/li>\n<\/ul>\n<\/div><\/div><\/div><\/div><\/div><\/div><\/section><section class=\"l-section wpb_row height_medium\"><div class=\"l-section-overlay\" style=\"background:#ffffff\"><\/div><div class=\"l-section-h i-cf\"><div class=\"g-cols vc_row via_grid cols_1 laptops-cols_inherit tablets-cols_inherit mobiles-cols_1 valign_top type_default stacking_default\"><div class=\"wpb_column vc_column_container\"><div class=\"vc_column-inner\"><div class=\"wpb_text_column\"><div class=\"wpb_wrapper\"><h2>ALTAIR \u2014 Constellation de l&#8217;Aigle<\/h2>\n<\/div><\/div><div class=\"w-separator size_small\"><\/div><div class=\"w-image align_center\"><div class=\"w-image-h\"><img decoding=\"async\" width=\"683\" height=\"1024\" src=\"https:\/\/lesanstationboreale.com\/wp-content\/uploads\/2020\/07\/Altair-683x1024-1.jpg\" class=\"attachment-us_500_500 size-us_500_500\" alt=\"\" srcset=\"https:\/\/lesanstationboreale.com\/wp-content\/uploads\/2020\/07\/Altair-683x1024-1.jpg 683w, https:\/\/lesanstationboreale.com\/wp-content\/uploads\/2020\/07\/Altair-683x1024-1-200x300.jpg 200w, https:\/\/lesanstationboreale.com\/wp-content\/uploads\/2020\/07\/Altair-683x1024-1-600x900.jpg 600w\" sizes=\"(max-width: 683px) 100vw, 683px\" \/><\/div><\/div><div class=\"w-separator size_large\"><\/div><div class=\"g-cols wpb_row via_grid cols_1-5 laptops-cols_inherit tablets-cols_inherit mobiles-cols_1 valign_top type_default stacking_default\"><div class=\"wpb_column vc_column_container\"><div class=\"vc_column-inner\"><div class=\"w-iconbox iconpos_top style_default color_custom align_center no_title no_text\"><div class=\"w-iconbox-icon\" style=\"font-size:2rem;--icon-color:#f8d0b0;\"><i class=\"fal fa-telescope\"><\/i><\/div><div class=\"w-iconbox-meta\"><\/div><\/div><\/div><\/div><div class=\"wpb_column vc_column_container\"><div class=\"vc_column-inner\"><div class=\"wpb_text_column\"><div class=\"wpb_wrapper\"><p>Alta\u00efr tourne rapidement sur elle-m\u00eame en 6,5\u00a0heures. Sa vitesse de rotation est si grande (elle atteint \u00e0 l\u2019\u00e9quateur 210\u00a0km\/s, soit plus de deux-cents fois celle du\u00a0Soleil) que sa forme est celle d\u2019un\u00a0ellipso\u00efde\u00a0nettement aplati. Elle compte parmi les\u00a0\u00e9toiles les plus brillantes du ciel nocturne\u00a0(la 12<sup>e<\/sup>, plus pr\u00e9cis\u00e9ment). Elle est le centre d\u2019un alignement presque parfait de trois \u00e9toiles,\u00a0<em>les Ailes de l\u2019Aigle<\/em>, parfois confondues par erreur avec la ceinture d\u2019Orion. Altair est \u00e9galement l\u2019un des sommets de l\u2019ast\u00e9risme\u00a0connu sous le nom du\u00a0Triangle d\u2019\u00e9t\u00e9, avec\u00a0\u03b1 Lyrae\u00a0(Vega) et\u00a0\u03b1 Cygni\u00a0(Deneb).<\/p>\n<\/div><\/div><\/div><\/div><\/div><div class=\"w-separator size_medium\"><\/div><div class=\"g-cols wpb_row via_grid cols_1-5 laptops-cols_inherit tablets-cols_inherit mobiles-cols_1 valign_top type_default stacking_default\"><div class=\"wpb_column vc_column_container\"><div class=\"vc_column-inner\"><div class=\"w-iconbox iconpos_top style_default color_custom align_center no_title no_text\"><div class=\"w-iconbox-icon\" style=\"font-size:2rem;--icon-color:#f8d0b0;\"><i class=\"fal fa-landmark-alt\"><\/i><\/div><div class=\"w-iconbox-meta\"><\/div><\/div><\/div><\/div><div class=\"wpb_column vc_column_container\"><div class=\"vc_column-inner\"><div class=\"wpb_text_column\"><div class=\"wpb_wrapper\"><p>\u03b1 Aquilae\u00a0(Altair), dont le nom\u00a0arabe\u00a0<em>al-nasr al-ta\u00efr<\/em>\u00a0signifie \u00ab\u00a0l\u2019Aigle en vol\u00a0\u00bb.<\/p>\n<\/div><\/div><\/div><\/div><\/div><div class=\"w-separator size_medium with_line width_default thick_1 style_solid color_border align_center\"><div class=\"w-separator-h\"><\/div><\/div><div class=\"wpb_text_column\"><div class=\"wpb_wrapper\"><h2>Constellation de l&#8217;Aigle<\/h2>\n<\/div><\/div><div class=\"w-separator size_large\"><\/div><div class=\"g-cols wpb_row via_grid cols_1-5 laptops-cols_inherit tablets-cols_inherit mobiles-cols_1 valign_top type_default stacking_default\"><div class=\"wpb_column vc_column_container\"><div class=\"vc_column-inner\"><div class=\"w-iconbox iconpos_top style_default color_custom align_center no_title no_text\"><div class=\"w-iconbox-icon\" style=\"font-size:2rem;--icon-color:#f8d0b0;\"><i class=\"fas fa-telescope\"><\/i><\/div><div class=\"w-iconbox-meta\"><\/div><\/div><\/div><\/div><div class=\"wpb_column vc_column_container\"><div class=\"vc_column-inner\"><div class=\"wpb_text_column\"><div class=\"wpb_wrapper\"><p>L\u2019Aigle est une petite constellation situ\u00e9e \u00e0 peu pr\u00e8s sur l\u2019\u00e9quateur c\u00e9leste, en-dessous du Cygne et \u00e0 l\u2019Ouest de celui-ci, le soir. Facilement reconnaissable et dot\u00e9e d\u2019\u00e9toiles\u00a0assez brillantes, elle fut r\u00e9pertori\u00e9e par\u00a0Aratus de Soles<sup>[]<\/sup>, puis par\u00a0Ptol\u00e9m\u00e9e\u00a0d\u00e8s le\u00a0II<sup>e<\/sup>\u00a0si\u00e8cle.<\/p>\n<\/div><\/div><\/div><\/div><\/div><div class=\"w-separator size_medium\"><\/div><div class=\"g-cols wpb_row via_grid cols_1-5 laptops-cols_inherit tablets-cols_inherit mobiles-cols_1 valign_top type_default stacking_default\"><div class=\"wpb_column vc_column_container\"><div class=\"vc_column-inner\"><div class=\"w-iconbox iconpos_top style_default color_custom align_center no_title no_text\"><div class=\"w-iconbox-icon\" style=\"font-size:2rem;--icon-color:#f8d0b0;\"><i class=\"fas fa-landmark-alt\"><\/i><\/div><div class=\"w-iconbox-meta\"><\/div><\/div><\/div><\/div><div class=\"wpb_column vc_column_container\"><div class=\"vc_column-inner\"><div class=\"wpb_text_column\"><div class=\"wpb_wrapper\"><p>Selon la mythologie grecque, elle doit repr\u00e9senter soit l\u2019Aigle de Zeus, soit l\u2019Aigle du Caucase qui, chaque jour, atterrit pr\u00e8s d\u2019un rocher o\u00f9 est enchain\u00e9 Prom\u00e9th\u00e9e pour grignoter son foie (du moins jusqu\u2019\u00e0 ce que Hercule le lib\u00e8re). La constellation de l\u2019Aigle fut vraisemblablement identifi\u00e9e \u00e0 un oiseau d\u00e8s le\u00a0XII<sup>e<\/sup>\u00a0si\u00e8cle avant notre \u00e8re. Dans la\u00a0mythologie hindoue, les trois \u00e9toiles les plus \u00e9videntes de la constellation, formant la t\u00eate de l\u2019animal,\u00a0Alpha Aquilae\/Alta\u00efr,\u00a0Beta Aquilae\/Alshain et\u00a0Gamma Aquilae\/Tarazed repr\u00e9sentaient l\u2019empreinte du pied de\u00a0Vishnou. Dans l\u2019histoire chinoise de\u00a0Qi Qiao Jie, Niu Lang (Alta\u00efr) et ses deux enfants (Alshain et Tarazed) sont s\u00e9par\u00e9s de leur m\u00e8re Zhi Nu (V\u00e9ga) qui est situ\u00e9e de l\u2019autre c\u00f4t\u00e9 de la\u00a0Voie lact\u00e9e.<\/p>\n<\/div><\/div><\/div><\/div><\/div><\/div><\/div><\/div><\/div><\/section>\n","protected":false},"excerpt":{"rendered":"Conditions de r\u00e9servation Annulation Remboursement int\u00e9gral pour les annulations effectu\u00e9es dans les 48 heures suivant la r\u00e9servation, si la date d\u2019arriv\u00e9e intervient dans 14 jours ou plus. Remboursement \u00e0 hauteur de 50 % pour les annulations effectu\u00e9es au moins 7 jours avant la date d\u2019arriv\u00e9e. Aucun remboursement pour les annulations effectu\u00e9es dans les 7 jours...","protected":false},"featured_media":682,"comment_status":"closed","ping_status":"closed","template":"","meta":{"_acf_changed":false},"product_brand":[],"product_cat":[20],"product_tag":[],"class_list":{"0":"post-499","1":"product","2":"type-product","3":"status-publish","4":"has-post-thumbnail","6":"product_cat-tente","8":"first","9":"instock","10":"sold-individually","11":"taxable","12":"shipping-taxable","13":"purchasable","14":"product-type-simple"},"acf":[],"yoast_head":"<!-- This site is optimized with the Yoast SEO plugin v27.1.1 - https:\/\/yoast.com\/product\/yoast-seo-wordpress\/ -->\n<title>Alta\u00efr \u2013 Camping sous l\u2019\u00e9toile de l\u2019Aigle au SAN<\/title>\n<meta name=\"description\" content=\"Un site de camping pour tente sous Alta\u00efr, \u00e9toile du Triangle d\u2019\u00e9t\u00e9. Une exp\u00e9rience lumineuse, ouverte sur le ciel bor\u00e9al et port\u00e9e par l\u2019altitude.\" \/>\n<meta name=\"robots\" content=\"index, follow, max-snippet:-1, max-image-preview:large, max-video-preview:-1\" \/>\n<link rel=\"canonical\" href=\"https:\/\/lesanstationboreale.com\/en\/produit\/altair-de-laigle-no-3\/\" \/>\n<meta property=\"og:locale\" content=\"en_US\" \/>\n<meta property=\"og:type\" content=\"article\" \/>\n<meta property=\"og:title\" content=\"Alta\u00efr \u2013 Camping sous l\u2019\u00e9toile de l\u2019Aigle au SAN\" \/>\n<meta property=\"og:description\" content=\"Un site de camping pour tente sous Alta\u00efr, \u00e9toile du Triangle d\u2019\u00e9t\u00e9. Une exp\u00e9rience lumineuse, ouverte sur le ciel bor\u00e9al et port\u00e9e par l\u2019altitude.\" \/>\n<meta property=\"og:url\" content=\"https:\/\/lesanstationboreale.com\/en\/produit\/altair-de-laigle-no-3\/\" \/>\n<meta property=\"og:site_name\" content=\"Le san station boreale\" \/>\n<meta property=\"article:publisher\" content=\"https:\/\/www.facebook.com\/sanatoriumhistoriquelacedouard\" \/>\n<meta property=\"article:modified_time\" content=\"2026-02-01T16:36:12+00:00\" \/>\n<meta property=\"og:image\" content=\"https:\/\/lesanstationboreale.com\/wp-content\/uploads\/2020\/07\/altair-scaled.jpeg\" \/>\n\t<meta property=\"og:image:width\" content=\"2560\" \/>\n\t<meta property=\"og:image:height\" content=\"1920\" \/>\n\t<meta property=\"og:image:type\" content=\"image\/jpeg\" \/>\n<meta name=\"twitter:card\" content=\"summary_large_image\" \/>\n<meta name=\"twitter:label1\" content=\"Est. reading time\" \/>\n\t<meta name=\"twitter:data1\" content=\"3 minutes\" \/>\n<script type=\"application\/ld+json\" class=\"yoast-schema-graph\">{\"@context\":\"https:\/\/schema.org\",\"@graph\":[{\"@type\":\"WebPage\",\"@id\":\"https:\/\/lesanstationboreale.com\/en\/produit\/altair-de-laigle-no-3\/\",\"url\":\"https:\/\/lesanstationboreale.com\/en\/produit\/altair-de-laigle-no-3\/\",\"name\":\"Alta\u00efr \u2013 Camping sous l\u2019\u00e9toile de l\u2019Aigle au SAN\",\"isPartOf\":{\"@id\":\"https:\/\/lesanstationboreale.com\/en\/#website\"},\"primaryImageOfPage\":{\"@id\":\"https:\/\/lesanstationboreale.com\/en\/produit\/altair-de-laigle-no-3\/#primaryimage\"},\"image\":{\"@id\":\"https:\/\/lesanstationboreale.com\/en\/produit\/altair-de-laigle-no-3\/#primaryimage\"},\"thumbnailUrl\":\"https:\/\/lesanstationboreale.com\/wp-content\/uploads\/2020\/07\/altair-scaled.jpeg\",\"datePublished\":\"2020-07-30T15:52:05+00:00\",\"dateModified\":\"2026-02-01T16:36:12+00:00\",\"description\":\"Un site de camping pour tente sous Alta\u00efr, \u00e9toile du Triangle d\u2019\u00e9t\u00e9. Une exp\u00e9rience lumineuse, ouverte sur le ciel bor\u00e9al et port\u00e9e par l\u2019altitude.\",\"breadcrumb\":{\"@id\":\"https:\/\/lesanstationboreale.com\/en\/produit\/altair-de-laigle-no-3\/#breadcrumb\"},\"inLanguage\":\"en-US\",\"potentialAction\":[{\"@type\":\"ReadAction\",\"target\":[\"https:\/\/lesanstationboreale.com\/en\/produit\/altair-de-laigle-no-3\/\"]}]},{\"@type\":\"ImageObject\",\"inLanguage\":\"en-US\",\"@id\":\"https:\/\/lesanstationboreale.com\/en\/produit\/altair-de-laigle-no-3\/#primaryimage\",\"url\":\"https:\/\/lesanstationboreale.com\/wp-content\/uploads\/2020\/07\/altair-scaled.jpeg\",\"contentUrl\":\"https:\/\/lesanstationboreale.com\/wp-content\/uploads\/2020\/07\/altair-scaled.jpeg\",\"width\":2560,\"height\":1920},{\"@type\":\"BreadcrumbList\",\"@id\":\"https:\/\/lesanstationboreale.com\/en\/produit\/altair-de-laigle-no-3\/#breadcrumb\",\"itemListElement\":[{\"@type\":\"ListItem\",\"position\":1,\"name\":\"Accueil\",\"item\":\"https:\/\/lesanstationboreale.com\/en\/le-san-station-boreale\/\"},{\"@type\":\"ListItem\",\"position\":2,\"name\":\"Shop\",\"item\":\"https:\/\/lesanstationboreale.com\/en\/shop\/\"},{\"@type\":\"ListItem\",\"position\":3,\"name\":\"ALTA\u00cfR de l\u2019Aigle (No.3)\"}]},{\"@type\":\"WebSite\",\"@id\":\"https:\/\/lesanstationboreale.com\/en\/#website\",\"url\":\"https:\/\/lesanstationboreale.com\/en\/\",\"name\":\"Le san station boreale\",\"description\":\"Le san station boreale\",\"publisher\":{\"@id\":\"https:\/\/lesanstationboreale.com\/en\/#organization\"},\"alternateName\":\"Le San\",\"potentialAction\":[{\"@type\":\"SearchAction\",\"target\":{\"@type\":\"EntryPoint\",\"urlTemplate\":\"https:\/\/lesanstationboreale.com\/en\/?s={search_term_string}\"},\"query-input\":{\"@type\":\"PropertyValueSpecification\",\"valueRequired\":true,\"valueName\":\"search_term_string\"}}],\"inLanguage\":\"en-US\"},{\"@type\":\"Organization\",\"@id\":\"https:\/\/lesanstationboreale.com\/en\/#organization\",\"name\":\"Le san station boreale\",\"alternateName\":\"Le San\",\"url\":\"https:\/\/lesanstationboreale.com\/en\/\",\"logo\":{\"@type\":\"ImageObject\",\"inLanguage\":\"en-US\",\"@id\":\"https:\/\/lesanstationboreale.com\/en\/#\/schema\/logo\/image\/\",\"url\":\"https:\/\/lesanstationboreale.com\/wp-content\/uploads\/2025\/04\/logo-basse-definition.jpg\",\"contentUrl\":\"https:\/\/lesanstationboreale.com\/wp-content\/uploads\/2025\/04\/logo-basse-definition.jpg\",\"width\":787,\"height\":542,\"caption\":\"Le san station boreale\"},\"image\":{\"@id\":\"https:\/\/lesanstationboreale.com\/en\/#\/schema\/logo\/image\/\"},\"sameAs\":[\"https:\/\/www.facebook.com\/sanatoriumhistoriquelacedouard\",\"https:\/\/www.instagram.com\/canettesdepinette\/\"]}]}<\/script>\n<!-- \/ Yoast SEO plugin. -->","yoast_head_json":{"title":"Alta\u00efr \u2013 Camping sous l\u2019\u00e9toile de l\u2019Aigle au SAN","description":"Un site de camping pour tente sous Alta\u00efr, \u00e9toile du Triangle d\u2019\u00e9t\u00e9. Une exp\u00e9rience lumineuse, ouverte sur le ciel bor\u00e9al et port\u00e9e par l\u2019altitude.","robots":{"index":"index","follow":"follow","max-snippet":"max-snippet:-1","max-image-preview":"max-image-preview:large","max-video-preview":"max-video-preview:-1"},"canonical":"https:\/\/lesanstationboreale.com\/en\/produit\/altair-de-laigle-no-3\/","og_locale":"en_US","og_type":"article","og_title":"Alta\u00efr \u2013 Camping sous l\u2019\u00e9toile de l\u2019Aigle au SAN","og_description":"Un site de camping pour tente sous Alta\u00efr, \u00e9toile du Triangle d\u2019\u00e9t\u00e9. Une exp\u00e9rience lumineuse, ouverte sur le ciel bor\u00e9al et port\u00e9e par l\u2019altitude.","og_url":"https:\/\/lesanstationboreale.com\/en\/produit\/altair-de-laigle-no-3\/","og_site_name":"Le san station boreale","article_publisher":"https:\/\/www.facebook.com\/sanatoriumhistoriquelacedouard","article_modified_time":"2026-02-01T16:36:12+00:00","og_image":[{"width":2560,"height":1920,"url":"https:\/\/lesanstationboreale.com\/wp-content\/uploads\/2020\/07\/altair-scaled.jpeg","type":"image\/jpeg"}],"twitter_card":"summary_large_image","twitter_misc":{"Est. reading time":"3 minutes"},"schema":{"@context":"https:\/\/schema.org","@graph":[{"@type":"WebPage","@id":"https:\/\/lesanstationboreale.com\/en\/produit\/altair-de-laigle-no-3\/","url":"https:\/\/lesanstationboreale.com\/en\/produit\/altair-de-laigle-no-3\/","name":"Alta\u00efr \u2013 Camping sous l\u2019\u00e9toile de l\u2019Aigle au SAN","isPartOf":{"@id":"https:\/\/lesanstationboreale.com\/en\/#website"},"primaryImageOfPage":{"@id":"https:\/\/lesanstationboreale.com\/en\/produit\/altair-de-laigle-no-3\/#primaryimage"},"image":{"@id":"https:\/\/lesanstationboreale.com\/en\/produit\/altair-de-laigle-no-3\/#primaryimage"},"thumbnailUrl":"https:\/\/lesanstationboreale.com\/wp-content\/uploads\/2020\/07\/altair-scaled.jpeg","datePublished":"2020-07-30T15:52:05+00:00","dateModified":"2026-02-01T16:36:12+00:00","description":"Un site de camping pour tente sous Alta\u00efr, \u00e9toile du Triangle d\u2019\u00e9t\u00e9. Une exp\u00e9rience lumineuse, ouverte sur le ciel bor\u00e9al et port\u00e9e par l\u2019altitude.","breadcrumb":{"@id":"https:\/\/lesanstationboreale.com\/en\/produit\/altair-de-laigle-no-3\/#breadcrumb"},"inLanguage":"en-US","potentialAction":[{"@type":"ReadAction","target":["https:\/\/lesanstationboreale.com\/en\/produit\/altair-de-laigle-no-3\/"]}]},{"@type":"ImageObject","inLanguage":"en-US","@id":"https:\/\/lesanstationboreale.com\/en\/produit\/altair-de-laigle-no-3\/#primaryimage","url":"https:\/\/lesanstationboreale.com\/wp-content\/uploads\/2020\/07\/altair-scaled.jpeg","contentUrl":"https:\/\/lesanstationboreale.com\/wp-content\/uploads\/2020\/07\/altair-scaled.jpeg","width":2560,"height":1920},{"@type":"BreadcrumbList","@id":"https:\/\/lesanstationboreale.com\/en\/produit\/altair-de-laigle-no-3\/#breadcrumb","itemListElement":[{"@type":"ListItem","position":1,"name":"Accueil","item":"https:\/\/lesanstationboreale.com\/en\/le-san-station-boreale\/"},{"@type":"ListItem","position":2,"name":"Shop","item":"https:\/\/lesanstationboreale.com\/en\/shop\/"},{"@type":"ListItem","position":3,"name":"ALTA\u00cfR de l\u2019Aigle (No.3)"}]},{"@type":"WebSite","@id":"https:\/\/lesanstationboreale.com\/en\/#website","url":"https:\/\/lesanstationboreale.com\/en\/","name":"Le san station boreale","description":"Le san station boreale","publisher":{"@id":"https:\/\/lesanstationboreale.com\/en\/#organization"},"alternateName":"Le San","potentialAction":[{"@type":"SearchAction","target":{"@type":"EntryPoint","urlTemplate":"https:\/\/lesanstationboreale.com\/en\/?s={search_term_string}"},"query-input":{"@type":"PropertyValueSpecification","valueRequired":true,"valueName":"search_term_string"}}],"inLanguage":"en-US"},{"@type":"Organization","@id":"https:\/\/lesanstationboreale.com\/en\/#organization","name":"Le san station boreale","alternateName":"Le San","url":"https:\/\/lesanstationboreale.com\/en\/","logo":{"@type":"ImageObject","inLanguage":"en-US","@id":"https:\/\/lesanstationboreale.com\/en\/#\/schema\/logo\/image\/","url":"https:\/\/lesanstationboreale.com\/wp-content\/uploads\/2025\/04\/logo-basse-definition.jpg","contentUrl":"https:\/\/lesanstationboreale.com\/wp-content\/uploads\/2025\/04\/logo-basse-definition.jpg","width":787,"height":542,"caption":"Le san station boreale"},"image":{"@id":"https:\/\/lesanstationboreale.com\/en\/#\/schema\/logo\/image\/"},"sameAs":["https:\/\/www.facebook.com\/sanatoriumhistoriquelacedouard","https:\/\/www.instagram.com\/canettesdepinette\/"]}]}},"_links":{"self":[{"href":"https:\/\/lesanstationboreale.com\/en\/wp-json\/wp\/v2\/product\/499","targetHints":{"allow":["GET"]}}],"collection":[{"href":"https:\/\/lesanstationboreale.com\/en\/wp-json\/wp\/v2\/product"}],"about":[{"href":"https:\/\/lesanstationboreale.com\/en\/wp-json\/wp\/v2\/types\/product"}],"replies":[{"embeddable":true,"href":"https:\/\/lesanstationboreale.com\/en\/wp-json\/wp\/v2\/comments?post=499"}],"wp:featuredmedia":[{"embeddable":true,"href":"https:\/\/lesanstationboreale.com\/en\/wp-json\/wp\/v2\/media\/682"}],"wp:attachment":[{"href":"https:\/\/lesanstationboreale.com\/en\/wp-json\/wp\/v2\/media?parent=499"}],"wp:term":[{"taxonomy":"product_brand","embeddable":true,"href":"https:\/\/lesanstationboreale.com\/en\/wp-json\/wp\/v2\/product_brand?post=499"},{"taxonomy":"product_cat","embeddable":true,"href":"https:\/\/lesanstationboreale.com\/en\/wp-json\/wp\/v2\/product_cat?post=499"},{"taxonomy":"product_tag","embeddable":true,"href":"https:\/\/lesanstationboreale.com\/en\/wp-json\/wp\/v2\/product_tag?post=499"}],"curies":[{"name":"wp","href":"https:\/\/api.w.org\/{rel}","templated":true}]}}