{"id":7135,"date":"2026-02-09T03:14:26","date_gmt":"2026-02-09T03:14:26","guid":{"rendered":"https:\/\/lesanstationboreale.com\/?post_type=product&#038;p=7135"},"modified":"2026-02-09T03:21:18","modified_gmt":"2026-02-09T03:21:18","slug":"calamars-riz-tomate","status":"publish","type":"product","link":"https:\/\/lesanstationboreale.com\/en\/produit\/calamars-riz-tomate\/","title":{"rendered":"Calamars riz tomate"},"content":{"rendered":"<section class=\"l-section wpb_row height_medium\"><div class=\"l-section-h i-cf\"><div class=\"g-cols vc_row via_grid cols_1 laptops-cols_inherit tablets-cols_inherit mobiles-cols_1 valign_top type_default stacking_default\"><div class=\"wpb_column vc_column_container\"><div class=\"vc_column-inner\"><div class=\"wpb_text_column\"><div class=\"wpb_wrapper\"><p>D\u00e9gustez les mets savoureux pr\u00e9par\u00e9s localement par D\u00e9licieusement Flo. Il ne vous reste qu&#8217;\u00e0 r\u00e9chauffer et consommer.<\/p>\n<p>Le repas sera dans le cong\u00e9lateur dans votre h\u00e9bergement lors de votre arriv\u00e9e.<\/p>\n<p>Produit non-taxable.<\/p>\n<\/div><\/div><\/div><\/div><\/div><\/div><\/section><section class=\"l-section wpb_row height_medium\"><div class=\"l-section-h i-cf\"><div class=\"g-cols vc_row via_grid cols_1 laptops-cols_inherit tablets-cols_inherit mobiles-cols_1 valign_top type_default stacking_default\"><div class=\"wpb_column vc_column_container\"><div class=\"vc_column-inner\"><div class=\"w-post-elm product_gallery\"><\/div><\/div><\/div><\/div><\/div><\/section>\n","protected":false},"excerpt":{"rendered":"<p>D\u00e9gustez les mets savoureux pr\u00e9par\u00e9s localement par D\u00e9licieusement Flo. Il ne vous reste qu&#8217;\u00e0 r\u00e9chauffer et consommer.<\/p>\n<p>Le repas sera dans le cong\u00e9lateur dans votre h\u00e9bergement lors de votre arriv\u00e9e.<\/p>\n<p>Produit non-taxable.<\/p>\n","protected":false},"featured_media":7136,"comment_status":"open","ping_status":"closed","template":"","meta":{"_acf_changed":false},"product_brand":[],"product_cat":[120],"product_tag":[],"class_list":{"0":"post-7135","1":"product","2":"type-product","3":"status-publish","4":"has-post-thumbnail","6":"product_cat-repas","8":"first","9":"instock","10":"purchasable","11":"product-type-simple"},"acf":[],"yoast_head":"<!-- This site is optimized with the Yoast SEO plugin v27.1.1 - https:\/\/yoast.com\/product\/yoast-seo-wordpress\/ -->\n<title>Calamars riz tomate | Le san station boreale<\/title>\n<meta name=\"description\" content=\"D\u00e9gustez les mets savoureux pr\u00e9par\u00e9s localement par D\u00e9licieusement Flo. Il ne vous reste qu&#039;\u00e0 r\u00e9chauffer et consommer.  Le repas sera dans le cong\u00e9lateur dans votre h\u00e9bergement lors de votre arriv\u00e9e.  Produit non-taxable.\" \/>\n<meta name=\"robots\" content=\"index, follow, max-snippet:-1, max-image-preview:large, max-video-preview:-1\" \/>\n<link rel=\"canonical\" href=\"https:\/\/lesanstationboreale.com\/en\/produit\/calamars-riz-tomate\/\" \/>\n<meta property=\"og:locale\" content=\"en_US\" \/>\n<meta property=\"og:type\" content=\"article\" \/>\n<meta property=\"og:title\" content=\"Calamars riz tomate | Le san station boreale\" \/>\n<meta property=\"og:description\" content=\"D\u00e9gustez les mets savoureux pr\u00e9par\u00e9s localement par D\u00e9licieusement Flo. Il ne vous reste qu&#039;\u00e0 r\u00e9chauffer et consommer.  Le repas sera dans le cong\u00e9lateur dans votre h\u00e9bergement lors de votre arriv\u00e9e.  Produit non-taxable.\" \/>\n<meta property=\"og:url\" content=\"https:\/\/lesanstationboreale.com\/en\/produit\/calamars-riz-tomate\/\" \/>\n<meta property=\"og:site_name\" content=\"Le san station boreale\" \/>\n<meta property=\"article:publisher\" content=\"https:\/\/www.facebook.com\/sanatoriumhistoriquelacedouard\" \/>\n<meta property=\"article:modified_time\" content=\"2026-02-09T03:21:18+00:00\" \/>\n<meta property=\"og:image\" content=\"https:\/\/lesanstationboreale.com\/wp-content\/uploads\/2026\/02\/8adc8ad9-f66f-4299-a5c6-28436c0faa0e.jpg\" \/>\n\t<meta property=\"og:image:width\" content=\"1536\" \/>\n\t<meta property=\"og:image:height\" content=\"2048\" \/>\n\t<meta property=\"og:image:type\" content=\"image\/jpeg\" \/>\n<meta name=\"twitter:card\" content=\"summary_large_image\" \/>\n<meta name=\"twitter:label1\" content=\"Est. reading time\" \/>\n\t<meta name=\"twitter:data1\" content=\"1 minute\" \/>\n<script type=\"application\/ld+json\" class=\"yoast-schema-graph\">{\"@context\":\"https:\/\/schema.org\",\"@graph\":[{\"@type\":\"WebPage\",\"@id\":\"https:\/\/lesanstationboreale.com\/en\/produit\/calamars-riz-tomate\/\",\"url\":\"https:\/\/lesanstationboreale.com\/en\/produit\/calamars-riz-tomate\/\",\"name\":\"Calamars riz tomate | Le san station boreale\",\"isPartOf\":{\"@id\":\"https:\/\/lesanstationboreale.com\/en\/#website\"},\"primaryImageOfPage\":{\"@id\":\"https:\/\/lesanstationboreale.com\/en\/produit\/calamars-riz-tomate\/#primaryimage\"},\"image\":{\"@id\":\"https:\/\/lesanstationboreale.com\/en\/produit\/calamars-riz-tomate\/#primaryimage\"},\"thumbnailUrl\":\"https:\/\/lesanstationboreale.com\/wp-content\/uploads\/2026\/02\/8adc8ad9-f66f-4299-a5c6-28436c0faa0e.jpg\",\"datePublished\":\"2026-02-09T03:14:26+00:00\",\"dateModified\":\"2026-02-09T03:21:18+00:00\",\"description\":\"D\u00e9gustez les mets savoureux pr\u00e9par\u00e9s localement par D\u00e9licieusement Flo. Il ne vous reste qu'\u00e0 r\u00e9chauffer et consommer. Le repas sera dans le cong\u00e9lateur dans votre h\u00e9bergement lors de votre arriv\u00e9e. Produit non-taxable.\",\"breadcrumb\":{\"@id\":\"https:\/\/lesanstationboreale.com\/en\/produit\/calamars-riz-tomate\/#breadcrumb\"},\"inLanguage\":\"en-US\",\"potentialAction\":[{\"@type\":\"ReadAction\",\"target\":[\"https:\/\/lesanstationboreale.com\/en\/produit\/calamars-riz-tomate\/\"]}]},{\"@type\":\"ImageObject\",\"inLanguage\":\"en-US\",\"@id\":\"https:\/\/lesanstationboreale.com\/en\/produit\/calamars-riz-tomate\/#primaryimage\",\"url\":\"https:\/\/lesanstationboreale.com\/wp-content\/uploads\/2026\/02\/8adc8ad9-f66f-4299-a5c6-28436c0faa0e.jpg\",\"contentUrl\":\"https:\/\/lesanstationboreale.com\/wp-content\/uploads\/2026\/02\/8adc8ad9-f66f-4299-a5c6-28436c0faa0e.jpg\",\"width\":1536,\"height\":2048},{\"@type\":\"BreadcrumbList\",\"@id\":\"https:\/\/lesanstationboreale.com\/en\/produit\/calamars-riz-tomate\/#breadcrumb\",\"itemListElement\":[{\"@type\":\"ListItem\",\"position\":1,\"name\":\"Accueil\",\"item\":\"https:\/\/lesanstationboreale.com\/en\/le-san-station-boreale\/\"},{\"@type\":\"ListItem\",\"position\":2,\"name\":\"Shop\",\"item\":\"https:\/\/lesanstationboreale.com\/en\/shop\/\"},{\"@type\":\"ListItem\",\"position\":3,\"name\":\"Calamars riz tomate\"}]},{\"@type\":\"WebSite\",\"@id\":\"https:\/\/lesanstationboreale.com\/en\/#website\",\"url\":\"https:\/\/lesanstationboreale.com\/en\/\",\"name\":\"Le san station boreale\",\"description\":\"Le san station boreale\",\"publisher\":{\"@id\":\"https:\/\/lesanstationboreale.com\/en\/#organization\"},\"alternateName\":\"Le San\",\"potentialAction\":[{\"@type\":\"SearchAction\",\"target\":{\"@type\":\"EntryPoint\",\"urlTemplate\":\"https:\/\/lesanstationboreale.com\/en\/?s={search_term_string}\"},\"query-input\":{\"@type\":\"PropertyValueSpecification\",\"valueRequired\":true,\"valueName\":\"search_term_string\"}}],\"inLanguage\":\"en-US\"},{\"@type\":\"Organization\",\"@id\":\"https:\/\/lesanstationboreale.com\/en\/#organization\",\"name\":\"Le san station boreale\",\"alternateName\":\"Le San\",\"url\":\"https:\/\/lesanstationboreale.com\/en\/\",\"logo\":{\"@type\":\"ImageObject\",\"inLanguage\":\"en-US\",\"@id\":\"https:\/\/lesanstationboreale.com\/en\/#\/schema\/logo\/image\/\",\"url\":\"https:\/\/lesanstationboreale.com\/wp-content\/uploads\/2025\/04\/logo-basse-definition.jpg\",\"contentUrl\":\"https:\/\/lesanstationboreale.com\/wp-content\/uploads\/2025\/04\/logo-basse-definition.jpg\",\"width\":787,\"height\":542,\"caption\":\"Le san station boreale\"},\"image\":{\"@id\":\"https:\/\/lesanstationboreale.com\/en\/#\/schema\/logo\/image\/\"},\"sameAs\":[\"https:\/\/www.facebook.com\/sanatoriumhistoriquelacedouard\",\"https:\/\/www.instagram.com\/canettesdepinette\/\"]}]}<\/script>\n<!-- \/ Yoast SEO plugin. -->","yoast_head_json":{"title":"Calamars riz tomate | Le san station boreale","description":"D\u00e9gustez les mets savoureux pr\u00e9par\u00e9s localement par D\u00e9licieusement Flo. Il ne vous reste qu'\u00e0 r\u00e9chauffer et consommer.  Le repas sera dans le cong\u00e9lateur dans votre h\u00e9bergement lors de votre arriv\u00e9e.  Produit non-taxable.","robots":{"index":"index","follow":"follow","max-snippet":"max-snippet:-1","max-image-preview":"max-image-preview:large","max-video-preview":"max-video-preview:-1"},"canonical":"https:\/\/lesanstationboreale.com\/en\/produit\/calamars-riz-tomate\/","og_locale":"en_US","og_type":"article","og_title":"Calamars riz tomate | Le san station boreale","og_description":"D\u00e9gustez les mets savoureux pr\u00e9par\u00e9s localement par D\u00e9licieusement Flo. Il ne vous reste qu'\u00e0 r\u00e9chauffer et consommer.  Le repas sera dans le cong\u00e9lateur dans votre h\u00e9bergement lors de votre arriv\u00e9e.  Produit non-taxable.","og_url":"https:\/\/lesanstationboreale.com\/en\/produit\/calamars-riz-tomate\/","og_site_name":"Le san station boreale","article_publisher":"https:\/\/www.facebook.com\/sanatoriumhistoriquelacedouard","article_modified_time":"2026-02-09T03:21:18+00:00","og_image":[{"width":1536,"height":2048,"url":"https:\/\/lesanstationboreale.com\/wp-content\/uploads\/2026\/02\/8adc8ad9-f66f-4299-a5c6-28436c0faa0e.jpg","type":"image\/jpeg"}],"twitter_card":"summary_large_image","twitter_misc":{"Est. reading time":"1 minute"},"schema":{"@context":"https:\/\/schema.org","@graph":[{"@type":"WebPage","@id":"https:\/\/lesanstationboreale.com\/en\/produit\/calamars-riz-tomate\/","url":"https:\/\/lesanstationboreale.com\/en\/produit\/calamars-riz-tomate\/","name":"Calamars riz tomate | Le san station boreale","isPartOf":{"@id":"https:\/\/lesanstationboreale.com\/en\/#website"},"primaryImageOfPage":{"@id":"https:\/\/lesanstationboreale.com\/en\/produit\/calamars-riz-tomate\/#primaryimage"},"image":{"@id":"https:\/\/lesanstationboreale.com\/en\/produit\/calamars-riz-tomate\/#primaryimage"},"thumbnailUrl":"https:\/\/lesanstationboreale.com\/wp-content\/uploads\/2026\/02\/8adc8ad9-f66f-4299-a5c6-28436c0faa0e.jpg","datePublished":"2026-02-09T03:14:26+00:00","dateModified":"2026-02-09T03:21:18+00:00","description":"D\u00e9gustez les mets savoureux pr\u00e9par\u00e9s localement par D\u00e9licieusement Flo. Il ne vous reste qu'\u00e0 r\u00e9chauffer et consommer. Le repas sera dans le cong\u00e9lateur dans votre h\u00e9bergement lors de votre arriv\u00e9e. Produit non-taxable.","breadcrumb":{"@id":"https:\/\/lesanstationboreale.com\/en\/produit\/calamars-riz-tomate\/#breadcrumb"},"inLanguage":"en-US","potentialAction":[{"@type":"ReadAction","target":["https:\/\/lesanstationboreale.com\/en\/produit\/calamars-riz-tomate\/"]}]},{"@type":"ImageObject","inLanguage":"en-US","@id":"https:\/\/lesanstationboreale.com\/en\/produit\/calamars-riz-tomate\/#primaryimage","url":"https:\/\/lesanstationboreale.com\/wp-content\/uploads\/2026\/02\/8adc8ad9-f66f-4299-a5c6-28436c0faa0e.jpg","contentUrl":"https:\/\/lesanstationboreale.com\/wp-content\/uploads\/2026\/02\/8adc8ad9-f66f-4299-a5c6-28436c0faa0e.jpg","width":1536,"height":2048},{"@type":"BreadcrumbList","@id":"https:\/\/lesanstationboreale.com\/en\/produit\/calamars-riz-tomate\/#breadcrumb","itemListElement":[{"@type":"ListItem","position":1,"name":"Accueil","item":"https:\/\/lesanstationboreale.com\/en\/le-san-station-boreale\/"},{"@type":"ListItem","position":2,"name":"Shop","item":"https:\/\/lesanstationboreale.com\/en\/shop\/"},{"@type":"ListItem","position":3,"name":"Calamars riz tomate"}]},{"@type":"WebSite","@id":"https:\/\/lesanstationboreale.com\/en\/#website","url":"https:\/\/lesanstationboreale.com\/en\/","name":"Le san station boreale","description":"Le san station boreale","publisher":{"@id":"https:\/\/lesanstationboreale.com\/en\/#organization"},"alternateName":"Le San","potentialAction":[{"@type":"SearchAction","target":{"@type":"EntryPoint","urlTemplate":"https:\/\/lesanstationboreale.com\/en\/?s={search_term_string}"},"query-input":{"@type":"PropertyValueSpecification","valueRequired":true,"valueName":"search_term_string"}}],"inLanguage":"en-US"},{"@type":"Organization","@id":"https:\/\/lesanstationboreale.com\/en\/#organization","name":"Le san station boreale","alternateName":"Le San","url":"https:\/\/lesanstationboreale.com\/en\/","logo":{"@type":"ImageObject","inLanguage":"en-US","@id":"https:\/\/lesanstationboreale.com\/en\/#\/schema\/logo\/image\/","url":"https:\/\/lesanstationboreale.com\/wp-content\/uploads\/2025\/04\/logo-basse-definition.jpg","contentUrl":"https:\/\/lesanstationboreale.com\/wp-content\/uploads\/2025\/04\/logo-basse-definition.jpg","width":787,"height":542,"caption":"Le san station boreale"},"image":{"@id":"https:\/\/lesanstationboreale.com\/en\/#\/schema\/logo\/image\/"},"sameAs":["https:\/\/www.facebook.com\/sanatoriumhistoriquelacedouard","https:\/\/www.instagram.com\/canettesdepinette\/"]}]}},"_links":{"self":[{"href":"https:\/\/lesanstationboreale.com\/en\/wp-json\/wp\/v2\/product\/7135","targetHints":{"allow":["GET"]}}],"collection":[{"href":"https:\/\/lesanstationboreale.com\/en\/wp-json\/wp\/v2\/product"}],"about":[{"href":"https:\/\/lesanstationboreale.com\/en\/wp-json\/wp\/v2\/types\/product"}],"replies":[{"embeddable":true,"href":"https:\/\/lesanstationboreale.com\/en\/wp-json\/wp\/v2\/comments?post=7135"}],"wp:featuredmedia":[{"embeddable":true,"href":"https:\/\/lesanstationboreale.com\/en\/wp-json\/wp\/v2\/media\/7136"}],"wp:attachment":[{"href":"https:\/\/lesanstationboreale.com\/en\/wp-json\/wp\/v2\/media?parent=7135"}],"wp:term":[{"taxonomy":"product_brand","embeddable":true,"href":"https:\/\/lesanstationboreale.com\/en\/wp-json\/wp\/v2\/product_brand?post=7135"},{"taxonomy":"product_cat","embeddable":true,"href":"https:\/\/lesanstationboreale.com\/en\/wp-json\/wp\/v2\/product_cat?post=7135"},{"taxonomy":"product_tag","embeddable":true,"href":"https:\/\/lesanstationboreale.com\/en\/wp-json\/wp\/v2\/product_tag?post=7135"}],"curies":[{"name":"wp","href":"https:\/\/api.w.org\/{rel}","templated":true}]}}